{"id":466,"date":"2015-03-09T10:34:11","date_gmt":"2015-03-09T10:34:11","guid":{"rendered":"http:\/\/demo.athemes.com\/sydney\/?page_id=8"},"modified":"2026-02-10T18:21:13","modified_gmt":"2026-02-10T18:21:13","slug":"my-front-page","status":"publish","type":"page","link":"https:\/\/spezial99.de\/","title":{"rendered":"Startseite"},"content":{"rendered":"<div id=\"pl-466\"  class=\"panel-layout\" ><div id=\"pg-466-0\"  class=\"panel-grid panel-has-style\" ><div class=\"siteorigin-panels-stretch panel-row-style panel-row-style-for-466-0\" style=\"border-bottom: 1px solid #e0e0e0;padding: 100px 0; \" data-stretch-type=\"full\" data-overlay=\"true\" data-overlay-color=\"#000000\" ><div id=\"pgc-466-0-0\"  class=\"panel-grid-cell\" ><div id=\"panel-466-0-0-0\" class=\"so-panel widget widget_sow-button panel-first-child panel-last-child\" data-index=\"0\" ><div class=\"so-rounded panel-widget-style panel-widget-style-for-466-0-0-0\" style=\"text-align: left;\" data-title-color=\"#443f3f\" data-headings-color=\"#443f3f\" ><div\n\t\t\t\n\t\t\tclass=\"so-widget-sow-button so-widget-sow-button-atom-7c6d1f5e2285-466\"\n\t\t\t\n\t\t><div class=\"ow-button-base ow-button-align-center\"\n>\n\t\t\t<a\n\t\t\t\t\thref=\"https:\/\/www.wmcplus.de\/epages\/64100559.sf\/de_DE\/?ObjectPath=\/Shops\/64100559\/Products\/99300\"\n\t\t\t\t\tclass=\"sowb-button ow-icon-placement-left ow-button-hover\" target=\"_blank\" rel=\"noopener noreferrer\" \t>\n\t\t<span>\n\t\t\t\n\t\t\tHier Bestellen!\t\t<\/span>\n\t\t\t<\/a>\n\t<\/div>\n<\/div><\/div><\/div><\/div><\/div><\/div><div id=\"pg-466-1\"  class=\"panel-grid panel-has-style\" ><div class=\"siteorigin-panels-stretch panel-row-style panel-row-style-for-466-1\" style=\"border-bottom: 1px solid #e0e0e0;padding: 100px 0; \" data-stretch-type=\"full\" data-overlay=\"true\" data-overlay-color=\"#000000\" ><div id=\"pgc-466-1-0\"  class=\"panel-grid-cell\" ><div id=\"panel-466-1-0-0\" class=\"so-panel widget widget_sow-image panel-first-child\" data-index=\"1\" ><div class=\"iw-hide-l panel-widget-style panel-widget-style-for-466-1-0-0\" style=\"text-align: left;\" data-title-color=\"#443f3f\" data-headings-color=\"#443f3f\" ><div\n\t\t\t\n\t\t\tclass=\"so-widget-sow-image so-widget-sow-image-default-8b5b6f678277-466\"\n\t\t\t\n\t\t>\n<div class=\"sow-image-container\">\n\t\t\t<a href=\"https:\/\/www.jagdundhund.de\/\"\n\t\t\t\t\t>\n\t\t\t<img \n\tsrc=\"https:\/\/spezial99.de\/wp-content\/uploads\/2026\/01\/Messe-Jagd-und-Hund.jpg\" width=\"2000\" height=\"600\" srcset=\"https:\/\/spezial99.de\/wp-content\/uploads\/2026\/01\/Messe-Jagd-und-Hund.jpg 2000w, https:\/\/spezial99.de\/wp-content\/uploads\/2026\/01\/Messe-Jagd-und-Hund-300x90.jpg 300w, https:\/\/spezial99.de\/wp-content\/uploads\/2026\/01\/Messe-Jagd-und-Hund-1024x307.jpg 1024w, https:\/\/spezial99.de\/wp-content\/uploads\/2026\/01\/Messe-Jagd-und-Hund-768x230.jpg 768w, https:\/\/spezial99.de\/wp-content\/uploads\/2026\/01\/Messe-Jagd-und-Hund-1536x461.jpg 1536w, https:\/\/spezial99.de\/wp-content\/uploads\/2026\/01\/Messe-Jagd-und-Hund-1000x300.jpg 1000w, https:\/\/spezial99.de\/wp-content\/uploads\/2026\/01\/Messe-Jagd-und-Hund-230x69.jpg 230w, https:\/\/spezial99.de\/wp-content\/uploads\/2026\/01\/Messe-Jagd-und-Hund-350x105.jpg 350w, https:\/\/spezial99.de\/wp-content\/uploads\/2026\/01\/Messe-Jagd-und-Hund-480x144.jpg 480w\" sizes=\"(max-width: 2000px) 100vw, 2000px\" title=\"Messe Jagd und Hund\" alt=\"\" \t\tclass=\"so-widget-image\"\/>\n\t\t\t<\/a><\/div>\n\n<\/div><\/div><\/div><div id=\"panel-466-1-0-1\" class=\"so-panel widget widget_sydney_services_type_a sydney_services_widget panel-last-child\" data-index=\"2\" ><div class=\"test panel-widget-style panel-widget-style-for-466-1-0-1\" style=\"text-align: left;\" data-title-color=\"#443f3f\" data-headings-color=\"#443f3f\" >\t\t\t<h3 class=\"widget-title\">Die Einsatzgebiete<\/h3>\r\n\t\t\t\t\t\t\t\t\t\t\t\t\t\t\t\t\t\t\t<div class=\"service col-md-4\">\r\n\t\t\t\t\t\t\t\t\t<div class=\"roll-icon-box\">\r\n\t\t\t\t\t\t\t\t\t\t\t\t\t<div class=\"service-thumb\">\r\n\t\t\t\t\t\t\t\t\t\t\t\t\t\t\t\t\t<img loading=\"lazy\" decoding=\"async\" width=\"50\" height=\"50\" src=\"https:\/\/spezial99.de\/wp-content\/uploads\/2018\/05\/trecker_symbol.png\" class=\"attachment-sydney-service-thumb size-sydney-service-thumb wp-post-image\" alt=\"\" \/>\t\t\t\t\t\t\t\t\t\t\t\t\t\t\t<\/div>\r\n\t\t\t\t\t\t\t\t\t\t\t\t<div class=\"content\">\r\n\t\t\t\t\t\t\t<h3>\r\n\t\t\t\t\t\t\t\t\t\t\t\t\t\t\t\t\tLandwirtschaft und Garten\t\t\t\t\t\t\t\t\t\t\t\t\t\t\t<\/h3>\r\n\t\t\t\t\t\t\t\t\t\t\t\t\t\t\t\r\n\t\t\t\t\t\t\t\t<p>Erntezeit. Der M\u00e4hdrescher steht. Eine festgerostete Verbindung blockiert alles. Jeder Tag Verz\u00f6gerung kostet Tausende Euro. Das Wetter spielt nicht mit.<\/p>\n<p><strong>Das Problem:<\/strong>\u00a0Der M\u00e4hdrescher streikt mitten auf dem Feld. Die Motors\u00e4ge klemmt. Das Wetter \u00e4ndert sich. Jeder verlorene Tag bedeutet Ernteeinbu\u00dfen.<\/p>\n<p><strong>Die L\u00f6sung:<\/strong>\u00a0Spezial99 l\u00f6st festsitzende Verbindungen an landwirtschaftlichen Ger\u00e4ten, h\u00e4lt S\u00e4geketten geschmeidig und sch\u00fctzt Werkzeuge vor Witterungseinfl\u00fcssen.<\/p>\n\t\t\t\t\t\t\t\t\t\t\t\t\t<\/div><!--.info-->\t\r\n\t\t\t\t\t<\/div>\r\n\t\t\t\t<\/div>\r\n\t\t\t\t\t\t\t\t\t\t\t\t\t\t\t\t\t\t\t<div class=\"service col-md-4\">\r\n\t\t\t\t\t\t\t\t\t<div class=\"roll-icon-box\">\r\n\t\t\t\t\t\t\t\t\t\t\t\t\t<div class=\"service-thumb\">\r\n\t\t\t\t\t\t\t\t\t\t\t\t\t\t\t\t\t<img loading=\"lazy\" decoding=\"async\" width=\"50\" height=\"50\" src=\"https:\/\/spezial99.de\/wp-content\/uploads\/2018\/05\/jagd_symbol.png\" class=\"attachment-sydney-service-thumb size-sydney-service-thumb wp-post-image\" alt=\"\" \/>\t\t\t\t\t\t\t\t\t\t\t\t\t\t\t<\/div>\r\n\t\t\t\t\t\t\t\t\t\t\t\t<div class=\"content\">\r\n\t\t\t\t\t\t\t<h3>\r\n\t\t\t\t\t\t\t\t\t\t\t\t\t\t\t\t\tJ\u00e4ger, Sch\u00fctzen und Angler\t\t\t\t\t\t\t\t\t\t\t\t\t\t\t<\/h3>\r\n\t\t\t\t\t\t\t\t\t\t\t\t\t\t\t\r\n\t\t\t\t\t\t\t\t<p><span class=\"fontstyle0\">Spezial 99 p\ufb02egt, schmiert und sch\u00fctzt s\u00e4mtliche Maschinen in der Land- und<br \/>\nForstwirtschaft. Im Gartenbereich hilft Spezial 99 bei der Instandhaltung der<br \/>\nArbeitsger\u00e4te, und eignet sich ideal zur Wartung.<\/span><\/p>\n<p><strong>Das Problem:<\/strong>\u00a0Pulverr\u00fcckst\u00e4nde setzen sich fest. Feuchtigkeit greift Mechaniken an. Verschl\u00fcsse klemmen. Bei Waffen ist das nicht nur \u00e4rgerlich \u2013 es ist gef\u00e4hrlich.<\/p>\n<p><strong>Die L\u00f6sung:<\/strong>\u00a0Spezial99 entfernt Pulverr\u00fcckst\u00e4nde aus L\u00e4ufen, l\u00f6st festsitzende Verschl\u00fcsse, sch\u00fctzt Mechaniken vor Feuchtigkeit und konserviert Waffen auch bei langer Lagerung zuverl\u00e4ssig.<\/p>\n\t\t\t\t\t\t\t\t\t\t\t\t\t<\/div><!--.info-->\t\r\n\t\t\t\t\t<\/div>\r\n\t\t\t\t<\/div>\r\n\t\t\t\t\t\t\t\t\t\t\t\t\t\t\t\t\t\t\t<div class=\"service col-md-4\">\r\n\t\t\t\t\t\t\t\t\t<div class=\"roll-icon-box\">\r\n\t\t\t\t\t\t\t\t\t\t\t\t\t<div class=\"service-thumb\">\r\n\t\t\t\t\t\t\t\t\t\t\t\t\t\t\t\t\t<img loading=\"lazy\" decoding=\"async\" width=\"50\" height=\"50\" src=\"https:\/\/spezial99.de\/wp-content\/uploads\/2018\/05\/industrie_symbol.png\" class=\"attachment-sydney-service-thumb size-sydney-service-thumb wp-post-image\" alt=\"\" \/>\t\t\t\t\t\t\t\t\t\t\t\t\t\t\t<\/div>\r\n\t\t\t\t\t\t\t\t\t\t\t\t<div class=\"content\">\r\n\t\t\t\t\t\t\t<h3>\r\n\t\t\t\t\t\t\t\t\t\t\t\t\t\t\t\t\tIndustrie\t\t\t\t\t\t\t\t\t\t\t\t\t\t\t<\/h3>\r\n\t\t\t\t\t\t\t\t\t\t\t\t\t\t\t\r\n\t\t\t\t\t\t\t\t<p><span class=\"fontstyle0\">Spezial 99 ist ideal zur Wartung und P\ufb02ege von beweglichen Teilen an Maschinen und<br \/>\nGer\u00e4ten aller Art. Das hochwertige Schmier\u00f6l beugt dem Verschlei\u00df von beweglichen<br \/>\nTeilen vor und erh\u00f6ht somit die Lebensdauer von Werkzeugen und Maschinen.<\/span><\/p>\n\t\t\t\t\t\t\t\t\t\t\t\t\t<\/div><!--.info-->\t\r\n\t\t\t\t\t<\/div>\r\n\t\t\t\t<\/div>\r\n\t\t\t\t\t\t\t\t\t\t\t\t\t\t\t\t\t\t\t<div class=\"service col-md-4\">\r\n\t\t\t\t\t\t\t\t\t<div class=\"roll-icon-box\">\r\n\t\t\t\t\t\t\t\t\t\t\t\t\t<div class=\"service-thumb\">\r\n\t\t\t\t\t\t\t\t\t\t\t\t\t\t\t\t\t<img loading=\"lazy\" decoding=\"async\" width=\"50\" height=\"50\" src=\"https:\/\/spezial99.de\/wp-content\/uploads\/2018\/05\/auto_symbol.png\" class=\"attachment-sydney-service-thumb size-sydney-service-thumb wp-post-image\" alt=\"\" \/>\t\t\t\t\t\t\t\t\t\t\t\t\t\t\t<\/div>\r\n\t\t\t\t\t\t\t\t\t\t\t\t<div class=\"content\">\r\n\t\t\t\t\t\t\t<h3>\r\n\t\t\t\t\t\t\t\t\t\t\t\t\t\t\t\t\tAuto und Motorrad\t\t\t\t\t\t\t\t\t\t\t\t\t\t\t<\/h3>\r\n\t\t\t\t\t\t\t\t\t\t\t\t\t\t\t\r\n\t\t\t\t\t\t\t\t<p>Es ist Samstag, 16 Uhr. Die Schraube am Auspuff sitzt fest. Seit 15 Jahren. Rost hat sie mit dem Gewinde verschwei\u00dft. Jede Minute kostet Nerven. Der Kunde wartet.<\/p>\n\t\t\t\t\t\t\t\t\t\t\t\t\t<\/div><!--.info-->\t\r\n\t\t\t\t\t<\/div>\r\n\t\t\t\t<\/div>\r\n\t\t\t\t\t\t\t\t\t\t\t\t\t\t\t\t\t\t\t<div class=\"service col-md-4\">\r\n\t\t\t\t\t\t\t\t\t<div class=\"roll-icon-box\">\r\n\t\t\t\t\t\t\t\t\t\t\t\t\t<div class=\"service-thumb\">\r\n\t\t\t\t\t\t\t\t\t\t\t\t\t\t\t\t\t<img loading=\"lazy\" decoding=\"async\" width=\"50\" height=\"50\" src=\"https:\/\/spezial99.de\/wp-content\/uploads\/2018\/05\/haus_symbol.png\" class=\"attachment-sydney-service-thumb size-sydney-service-thumb wp-post-image\" alt=\"\" \/>\t\t\t\t\t\t\t\t\t\t\t\t\t\t\t<\/div>\r\n\t\t\t\t\t\t\t\t\t\t\t\t<div class=\"content\">\r\n\t\t\t\t\t\t\t<h3>\r\n\t\t\t\t\t\t\t\t\t\t\t\t\t\t\t\t\tHaushalt\t\t\t\t\t\t\t\t\t\t\t\t\t\t\t<\/h3>\r\n\t\t\t\t\t\t\t\t\t\t\t\t\t\t\t\r\n\t\t\t\t\t\t\t\t<p>Das Fenster klemmt. Wieder. Die Kinder wollen frische Luft. Sie zerren am Griff mit voller Kraft. Nichts bewegt sich. Die Fensterscharniere sind seit Jahren nicht gepflegt worden.<\/p>\n<p><strong>Das Problem:<\/strong>\u00a0Klebstoffreste auf neuen M\u00f6beln. Fenster lassen sich kaum \u00f6ffnen. Fahrradkette quietscht bei jeder Pedalumdrehung. T\u00fcrschloss klemmt immer \u00f6fter.<\/p>\n<p><strong>Die L\u00f6sung:<\/strong>\u00a0Spezial99 entfernt hartn\u00e4ckige Kleber\u00fcckst\u00e4nde, befreit verrostete T\u00fcrschl\u00f6sser, macht schwerg\u00e4ngige Scharniere wieder leichtg\u00e4ngig und pflegt N\u00e4hmaschinen sowie Fahrr\u00e4der.<\/p>\n\t\t\t\t\t\t\t\t\t\t\t\t\t<\/div><!--.info-->\t\r\n\t\t\t\t\t<\/div>\r\n\t\t\t\t<\/div>\r\n\t\t\t\r\n\t\t\t\t\t\t\t\r\n\t<\/div><\/div><\/div><\/div><\/div><div id=\"pg-466-2\"  class=\"panel-grid panel-has-style\" ><div class=\"siteorigin-panels-stretch panel-row-style panel-row-style-for-466-2\" style=\"border-bottom: 1px solid #e0e0e0;padding: 100px 0; \" data-stretch-type=\"full\" data-overlay=\"true\" ><div id=\"pgc-466-2-0\"  class=\"panel-grid-cell\" ><div id=\"panel-466-2-0-0\" class=\"so-panel widget widget_list panel-first-child panel-last-child\" data-index=\"3\" ><div style=\"text-align: left;\" data-title-color=\"#443f3f\" data-headings-color=\"#443f3f\" class=\"panel-widget-style panel-widget-style-for-466-2-0-0\" ><h3 class=\"widget-title\">Die Eigenschaften<\/h3>\r\n\t\t<p>Was in der Dose steckt<\/p>\n<p>Spezial99 ist ein Speziall\u00f6se- und Schmiermittel mit hervorragendem Kriechverm\u00f6gen. Es dringt in feinste Kapillarrisse ein und unterwandert Verschmutzungen, Oxide sowie Feuchtigkeit.<\/p>\n<p>Hauptfunktionen:<\/p>\n\t\t<ul class='roll-list'><li>\u2713 L\u00f6st verrostete und festsitzende Verbindungen bei Schrauben, Scharnieren und korrodierten Metallverschraubungen<\/li><\/ul>\n\n<ul class='roll-list'><li>\u2713 Reduziert Reibung an Gewinden, Rollen, Federn, Wasserh\u00e4hnen, Fenstern, T\u00fcrgriffen, Schl\u00f6ssern und Feinmechanik<\/li><\/ul>\n\n<ul class='roll-list'><li>\u2713 Verdr\u00e4ngt Wasser von Metalloberfl\u00e4chen an Elektrokontakten, Steckdosen, Z\u00fcndungen und Werkzeugen<\/li><\/ul>\n\n<ul class='roll-list'><li>\u2713 Hinterl\u00e4sst einen Schutzfilm gegen Rost und Korrosion<\/li><\/ul>\n\n<ul class='roll-list'><li>\u2713 Reinigt verschmutzte und \u00f6lverklebte Metallteile<\/li><\/ul>\n\n<ul class='roll-list'><li>\u2713 H\u00e4lt bewegliche Teile wie Ketten, Zahnkr\u00e4nze, Kugellager und Teleskopz\u00fcge leichtg\u00e4ngig<\/li><\/ul>\t\t\t\t\r\n\t\t<\/div><\/div><\/div><div id=\"pgc-466-2-1\"  class=\"panel-grid-cell\" ><div id=\"panel-466-2-1-0\" class=\"so-panel widget widget_sow-image panel-first-child panel-last-child\" data-index=\"4\" ><div style=\"text-align: left;\" data-title-color=\"#443f3f\" data-headings-color=\"#443f3f\" class=\"panel-widget-style panel-widget-style-for-466-2-1-0\" ><div\n\t\t\t\n\t\t\tclass=\"so-widget-sow-image so-widget-sow-image-default-2408a1b6ba95-35\"\n\t\t\t\n\t\t><h3 class=\"widget-title\">Anwendungsbeispiele<\/h3>\n<div class=\"sow-image-container\">\n\t\t<img \n\tsrc=\"https:\/\/spezial99.de\/wp-content\/uploads\/2018\/05\/GRUS007_Anwendungsgebiete.gif\" width=\"270\" height=\"360\" sizes=\"(max-width: 270px) 100vw, 270px\" title=\"Anwendungsbeispiele\" alt=\"\" \t\tclass=\"so-widget-image\"\/>\n\t<\/div>\n\n<\/div><\/div><\/div><\/div><\/div><\/div><div id=\"pg-466-3\"  class=\"panel-grid panel-has-style\" ><div style=\"padding: 100px 0; \" data-overlay=\"true\" data-overlay-color=\"#000000\" class=\"panel-row-style panel-row-style-for-466-3\" ><div id=\"pgc-466-3-0\"  class=\"panel-grid-cell\" ><div id=\"panel-466-3-0-0\" class=\"so-panel widget widget_media_image panel-first-child panel-last-child\" data-index=\"5\" ><div style=\"text-align: left;\" data-title-color=\"#443f3f\" data-headings-color=\"#443f3f\" class=\"panel-widget-style panel-widget-style-for-466-3-0-0\" ><img loading=\"lazy\" decoding=\"async\" width=\"1080\" height=\"1080\" src=\"https:\/\/spezial99.de\/wp-content\/uploads\/2025\/10\/Spezial-99-breiter.png\" class=\"image wp-image-753  attachment-full size-full\" alt=\"\" style=\"max-width: 100%; height: auto;\" srcset=\"https:\/\/spezial99.de\/wp-content\/uploads\/2025\/10\/Spezial-99-breiter.png 1080w, https:\/\/spezial99.de\/wp-content\/uploads\/2025\/10\/Spezial-99-breiter-300x300.png 300w, https:\/\/spezial99.de\/wp-content\/uploads\/2025\/10\/Spezial-99-breiter-1024x1024.png 1024w, https:\/\/spezial99.de\/wp-content\/uploads\/2025\/10\/Spezial-99-breiter-150x150.png 150w, https:\/\/spezial99.de\/wp-content\/uploads\/2025\/10\/Spezial-99-breiter-768x768.png 768w, https:\/\/spezial99.de\/wp-content\/uploads\/2025\/10\/Spezial-99-breiter-1000x1000.png 1000w, https:\/\/spezial99.de\/wp-content\/uploads\/2025\/10\/Spezial-99-breiter-230x230.png 230w, https:\/\/spezial99.de\/wp-content\/uploads\/2025\/10\/Spezial-99-breiter-350x350.png 350w, https:\/\/spezial99.de\/wp-content\/uploads\/2025\/10\/Spezial-99-breiter-480x480.png 480w\" sizes=\"auto, (max-width: 1080px) 100vw, 1080px\" \/><\/div><\/div><\/div><div id=\"pgc-466-3-1\"  class=\"panel-grid-cell\" ><div id=\"panel-466-3-1-0\" class=\"so-panel widget widget_sydney_facts sydney_facts_widget panel-first-child panel-last-child\" data-index=\"6\" ><div style=\"text-align: left;\" data-title-color=\"#443f3f\" data-headings-color=\"#443f3f\" class=\"panel-widget-style panel-widget-style-for-466-3-1-0\" >\r\n\t\t<h3 class=\"widget-title\">In folgenden Gr\u00f6\u00dfen erh\u00e4ltlich.<\/h3>\r\n\t\t\t\t<div class=\"col-md-3 col-sm-3\">\r\n\t\t\t<div class=\"roll-counter\">\r\n\t\t\t\t<i class=\"fa \"><\/i>\r\n\t\t\t\t<div class=\"name-count\">ml<\/div>\r\n\t\t\t\t<div class=\"numb-count\" data-from=\"0\" data-to=\"300 \" data-speed=\"2000\" data-waypoint-active=\"yes\">300 <\/div>\r\n\t\t\t<\/div>\r\n\t\t<\/div>\r\n\t\t\t\t\t\t<div class=\"col-md-3 col-sm-3\">\r\n\t\t\t<div class=\"roll-counter\">\r\n\t\t\t\t<i class=\"fa \"><\/i>\r\n\t\t\t\t<div class=\"name-count\">ml<\/div>\r\n\t\t\t\t<div class=\"numb-count\" data-from=\"0\" data-to=\"150 ml\" data-speed=\"2000\" data-waypoint-active=\"yes\">150 ml<\/div>\r\n\t\t\t<\/div>\r\n\t\t<\/div>\r\n\t\t\t\t\t\t<div class=\"col-md-3 col-sm-3\">\r\n\t\t\t<div class=\"roll-counter\">\r\n\t\t\t\t<i class=\"fa \"><\/i>\r\n\t\t\t\t<div class=\"name-count\">ml<\/div>\r\n\t\t\t\t<div class=\"numb-count\" data-from=\"0\" data-to=\"50 ml\" data-speed=\"2000\" data-waypoint-active=\"yes\">50 ml<\/div>\r\n\t\t\t<\/div>\r\n\t\t<\/div>\r\n\t\t\t\t\r\n\t<\/div><\/div><\/div><\/div><\/div><div id=\"pg-466-4\"  class=\"panel-grid panel-has-style\" ><div class=\"siteorigin-panels-stretch panel-row-style panel-row-style-for-466-4\" style=\"border-bottom: 1px solid #e0e0e0;padding: 100px 0; \" data-stretch-type=\"full\" data-overlay=\"true\" data-overlay-color=\"#000000\" ><div id=\"pgc-466-4-0\"  class=\"panel-grid-cell\" ><div id=\"panel-466-4-0-0\" class=\"so-panel widget widget_sow-button panel-first-child panel-last-child\" data-index=\"7\" ><div class=\"so-rounded panel-widget-style panel-widget-style-for-466-4-0-0\" style=\"text-align: left;\" data-title-color=\"#443f3f\" data-headings-color=\"#443f3f\" ><div\n\t\t\t\n\t\t\tclass=\"so-widget-sow-button so-widget-sow-button-atom-7c6d1f5e2285-35\"\n\t\t\t\n\t\t><div class=\"ow-button-base ow-button-align-center\"\n>\n\t\t\t<a\n\t\t\t\t\thref=\"https:\/\/www.wmcplus.de\/epages\/64100559.sf\/de_DE\/?ObjectPath=\/Shops\/64100559\/Products\/99300\"\n\t\t\t\t\tclass=\"sowb-button ow-icon-placement-left ow-button-hover\" target=\"_blank\" rel=\"noopener noreferrer\" \t>\n\t\t<span>\n\t\t\t\n\t\t\tHier Bestellen!\t\t<\/span>\n\t\t\t<\/a>\n\t<\/div>\n<\/div><\/div><\/div><\/div><\/div><\/div><div id=\"pg-466-5\"  class=\"panel-grid panel-has-style\" ><div class=\"siteorigin-panels-stretch panel-row-style panel-row-style-for-466-5\" style=\"border-bottom: 1px solid #e0e0e0;padding: 100px 0; \" data-stretch-type=\"full\" data-overlay=\"true\" ><div id=\"pgc-466-5-0\"  class=\"panel-grid-cell\" ><div id=\"panel-466-5-0-0\" class=\"so-panel widget widget_text panel-first-child panel-last-child\" data-index=\"8\" ><div style=\"text-align: left;\" data-title-color=\"#443f3f\" data-headings-color=\"#443f3f\" class=\"panel-widget-style panel-widget-style-for-466-5-0-0\" ><h3 class=\"widget-title\">\u00dcber uns<\/h3>\t\t\t<div class=\"textwidget\"><p><span class=\"fontstyle0\">Seit \u00fcber 40 Jahren vertrauen unsere Kunden auf die Qualit\u00e4t und Zuverl\u00e4ssigkeit von Spezial 99. \u00dcberzeugen Sie sich selbst.<\/span><\/p>\n<\/div>\n\t\t<\/div><\/div><\/div><div id=\"pgc-466-5-1\"  class=\"panel-grid-cell\" ><div id=\"panel-466-5-1-0\" class=\"so-panel widget widget_sydney_contact_info sydney_contact_info_widget panel-first-child panel-last-child\" data-index=\"9\" ><div style=\"text-align: left;\" data-title-color=\"#443f3f\" data-headings-color=\"#443f3f\" class=\"panel-widget-style panel-widget-style-for-466-5-1-0\" ><h3 class=\"widget-title\">Kontakt<\/h3><div class=\"contact-address\"><span><i class=\"sydney-svg-icon\"><svg xmlns=\"http:\/\/www.w3.org\/2000\/svg\" viewBox=\"0 0 576 512\"><path d=\"M280.37 148.26L96 300.11V464a16 16 0 0 0 16 16l112.06-.29a16 16 0 0 0 15.92-16V368a16 16 0 0 1 16-16h64a16 16 0 0 1 16 16v95.64a16 16 0 0 0 16 16.05L464 480a16 16 0 0 0 16-16V300L295.67 148.26a12.19 12.19 0 0 0-15.3 0zM571.6 251.47L488 182.56V44.05a12 12 0 0 0-12-12h-56a12 12 0 0 0-12 12v72.61L318.47 43a48 48 0 0 0-61 0L4.34 251.47a12 12 0 0 0-1.6 16.9l25.5 31A12 12 0 0 0 45.15 301l235.22-193.74a12.19 12.19 0 0 1 15.3 0L530.9 301a12 12 0 0 0 16.9-1.6l25.5-31a12 12 0 0 0-1.7-16.93z\" \/><\/svg><\/i><\/span>Ernst-Th\u00e4lmann-Str, 7 39291 Hohenziatz<\/div><div class=\"contact-phone\"><span><i class=\"sydney-svg-icon\"><svg xmlns=\"http:\/\/www.w3.org\/2000\/svg\" viewBox=\"0 0 512 512\"><path d=\"M497.39 361.8l-112-48a24 24 0 0 0-28 6.9l-49.6 60.6A370.66 370.66 0 0 1 130.6 204.11l60.6-49.6a23.94 23.94 0 0 0 6.9-28l-48-112A24.16 24.16 0 0 0 122.6.61l-104 24A24 24 0 0 0 0 48c0 256.5 207.9 464 464 464a24 24 0 0 0 23.4-18.6l24-104a24.29 24.29 0 0 0-14.01-27.6z\" \/><\/svg><\/i><\/span>+49 39226 66025<\/div><div class=\"contact-email\"><span><i class=\"sydney-svg-icon\"><svg xmlns=\"http:\/\/www.w3.org\/2000\/svg\" viewBox=\"0 0 512 512\"><path d=\"M502.3 190.8c3.9-3.1 9.7-.2 9.7 4.7V400c0 26.5-21.5 48-48 48H48c-26.5 0-48-21.5-48-48V195.6c0-5 5.7-7.8 9.7-4.7 22.4 17.4 52.1 39.5 154.1 113.6 21.1 15.4 56.7 47.8 92.2 47.6 35.7.3 72-32.8 92.3-47.6 102-74.1 131.6-96.3 154-113.7zM256 320c23.2.4 56.6-29.2 73.4-41.4 132.7-96.3 142.8-104.7 173.4-128.7 5.8-4.5 9.2-11.5 9.2-18.9v-19c0-26.5-21.5-48-48-48H48C21.5 64 0 85.5 0 112v19c0 7.4 3.4 14.3 9.2 18.9 30.6 23.9 40.7 32.4 173.4 128.7 16.8 12.2 50.2 41.8 73.4 41.4z\" \/><\/svg><\/i><\/span><a href=\"mailto:i&#110;f&#111;&#64;&#103;&#114;us&#115;gm&#98;h&#46;&#100;&#101;\">i&#110;f&#111;&#64;&#103;&#114;us&#115;gm&#98;h&#46;&#100;&#101;<\/a><\/div><\/div><\/div><\/div><\/div><\/div><\/div>","protected":false},"excerpt":{"rendered":"<p>\u00dcber uns Seit \u00fcber 40 Jahren vertrauen unsere Kunden auf die Qualit\u00e4t und Zuverl\u00e4ssigkeit von Spezial 99. \u00dcberzeugen Sie sich selbst.<\/p>\n","protected":false},"author":1,"featured_media":0,"parent":0,"menu_order":0,"comment_status":"open","ping_status":"open","template":"page-templates\/page_front-page.php","meta":{"footnotes":""},"class_list":["post-466","page","type-page","status-publish","hentry"],"_links":{"self":[{"href":"https:\/\/spezial99.de\/index.php?rest_route=\/wp\/v2\/pages\/466","targetHints":{"allow":["GET"]}}],"collection":[{"href":"https:\/\/spezial99.de\/index.php?rest_route=\/wp\/v2\/pages"}],"about":[{"href":"https:\/\/spezial99.de\/index.php?rest_route=\/wp\/v2\/types\/page"}],"author":[{"embeddable":true,"href":"https:\/\/spezial99.de\/index.php?rest_route=\/wp\/v2\/users\/1"}],"replies":[{"embeddable":true,"href":"https:\/\/spezial99.de\/index.php?rest_route=%2Fwp%2Fv2%2Fcomments&post=466"}],"version-history":[{"count":100,"href":"https:\/\/spezial99.de\/index.php?rest_route=\/wp\/v2\/pages\/466\/revisions"}],"predecessor-version":[{"id":771,"href":"https:\/\/spezial99.de\/index.php?rest_route=\/wp\/v2\/pages\/466\/revisions\/771"}],"wp:attachment":[{"href":"https:\/\/spezial99.de\/index.php?rest_route=%2Fwp%2Fv2%2Fmedia&parent=466"}],"curies":[{"name":"wp","href":"https:\/\/api.w.org\/{rel}","templated":true}]}}