{"id":666,"date":"2018-05-25T16:52:55","date_gmt":"2018-05-25T16:52:55","guid":{"rendered":"http:\/\/spezial99.de\/?page_id=666"},"modified":"2018-05-25T16:52:55","modified_gmt":"2018-05-25T16:52:55","slug":"agb","status":"publish","type":"page","link":"https:\/\/spezial99.de\/?page_id=666","title":{"rendered":"AGB"},"content":{"rendered":"<div class=\"entry-content\">\n<h1><img loading=\"lazy\" decoding=\"async\" class=\"size-medium wp-image-18 alignleft\" src=\"https:\/\/spezial99.de\/wp-content\/uploads\/2018\/05\/impressum_symbol-1-95x300.png\" alt=\"\" width=\"95\" height=\"300\" \/><\/h1>\n<p><strong>Allgemeine Verkaufs-, Lieferungs- und Zahlungsbedingungen<\/strong><\/p>\n<p><strong>\u00a71 \u00a0Angebote<\/strong><br \/>\nAlle Angebote verstehen sich freibleibend und unverbindlich. Erteilte Auftr\u00e4ge werden erst durch unsere schriftliche Auftragsbest\u00e4tigung f\u00fcr den Verk\u00e4ufer bindend.<\/p>\n<p>&nbsp;<\/p>\n<p>Abweichenden Bedingungen in Bestellformularen oder in Bestellscheinen von unseren Kunden wiedersprechen wir bereits hiermit.<\/p>\n<p><strong>\u00a7 2 \u00a0Lieferbedingungen<\/strong><\/p>\n<p>a) Wenn nichts anderes vereinbart ist, ergeben sich die Preise aus unseren Preislisten zuz\u00fcglich der Mehrwertsteuer in der gesetzlichen H\u00f6he.<\/p>\n<p>&nbsp;<\/p>\n<p>b) Eine Transportversicherung wird von uns nur auf ausdr\u00fcckliches Verlangen des Kunden und auf dessen Rechnung abgeschlossen.<\/p>\n<p>&nbsp;<\/p>\n<p>c) Teillieferungen sind zul\u00e4ssig.<\/p>\n<p>&nbsp;<\/p>\n<p>d) Wird eine vereinbarte Lieferfrist aus von uns zu vertretenden Gr\u00fcnden um mehr als 6 Wochen \u00fcberschritten, kann der Kunde nach vorheriger Setzung einer Nachfrist von 3 Wochen vom Vertrag zur\u00fccktreten.<\/p>\n<p>&nbsp;<\/p>\n<p><strong>\u00a7 3 \u00a0Gefahrtragung<\/strong><br \/>\nDie Lieferung erfolgt ausschlie\u00dflich auf Gefahr des Kunden. Wir haben unsere Lieferverpflichtung erf\u00fcllt, sobald die Ware bei der Post, Bahn oder dem Spediteur \u00fcbergeben wurde. Von uns nicht vertretende Umst\u00e4nde, wie etwa h\u00f6here Gewalt, Krieg, Streiks etc. entbinden uns f\u00fcr die Dauer der Behinderung und deren Nachwirkung von den Lieferverpflichtungen.<\/p>\n<p><strong>\u00a7 4 \u00a0Gew\u00e4hrleistung<\/strong><br \/>\nM\u00e4ngelr\u00fcgen bei offensichtlichen M\u00e4ngeln m\u00fcssen uns unverz\u00fcglich nach Erhalt der Ware schriftlich geltend gemacht werden.<\/p>\n<p>M\u00e4ngelr\u00fcgen wegen verdeckter M\u00e4ngel m\u00fcssen unverz\u00fcglich nach Entdeckung schriftlich geltend gemacht werden.<\/p>\n<p>Bei berechtigten und rechtzeitigen M\u00e4ngelr\u00fcgen erfolgt die Gew\u00e4hrleistung unter Ausschluss weitgehender Anspr\u00fcche nach unserer Wahl, entweder durch Nachbesserung oder durch Austausch bzw. Ersatzleistung.<\/p>\n<p><strong>\u00a7 5 \u00a0Zahlungsbedingungen<\/strong><br \/>\nUnsere Rechnungen sind innerhalb von 10 Tagen mit 2% Skonto oder innerhalb 30 Tagen rein netto zu bezahlen.<\/p>\n<p>Die Aus\u00fcbung eines Zur\u00fcckbehaltungsrechts, sowie die Aufrechnung mit von uns bestrittenen oder nicht rechtskr\u00e4ftig festgestellten Gegenanforderungen ist unzul\u00e4ssig.<\/p>\n<p>Befindet sich der Kunde in Zahlungsverzug so sind wir zur Lieferung weiterer bestellter Ware nicht verpflichtet.<\/p>\n<p>&nbsp;<\/p>\n<p><strong>\u00a7 6 \u00a0Eigentumsvorbehalt<\/strong><br \/>\nWir behalten uns das Eigentum an den gelieferten Waren bis zur Erf\u00fcllung aller Anspr\u00fcche aus der Gesch\u00e4ftsverbindung, einschlie\u00dflich Zinsen, Nebenforderungen sowie Unkosten einer etwaigen Rechtsverfolgung vor.<\/p>\n<p>Bei Zahlungsverzug sind wir berechtigt,\u00a0 die unter Eigentumsvorbehalt gelieferte Ware sicherheitshalber zur\u00fcckzufordern. F\u00fcr Waren, welche im ordnungsgem\u00e4\u00dfen Gesch\u00e4ftsverkehr weiter ver\u00e4u\u00dfert werden, tritt der Kunde schon im Voraus seine zuk\u00fcnftigen Anspr\u00fcche gegen\u00fcber seinen Kunden aus der Weiterver\u00e4u\u00dferung ab.<\/p>\n<p><strong>\u00a7 7 \u00a0Ausschluss von Schadensersatzanspr\u00fcchen<\/strong><br \/>\nSchadensersatzanspr\u00fcche gleich welcher Art gegen uns, unseren gesetzlichen Vertretern, Erf\u00fcllungsgehilfen und Arbeitnehmern sind soweit gesetzlich m\u00f6glich, auf alle F\u00e4lle aber wenn sie auf nur leichter Fahrl\u00e4ssigkeit beruhen, ausgeschlossen.<\/p>\n<p><strong>\u00a7 8 \u00a0Erf\u00fcllungsort und Gerichtsstand Burg<\/strong><br \/>\nIst der Kunde Vollkaufmann, gilt als vereinbarter Gerichtsstand Burg.<\/p>\n<p>Im Falle von Wechsel-, Scheck- oder Urkundenverfahren, unbeschadet unseres Rechts, ist das f\u00fcr den Kunden allgemein zust\u00e4ndige Gericht zu verst\u00e4ndigen.<\/p>\n<\/div>\n","protected":false},"excerpt":{"rendered":"<p>Allgemeine Verkaufs-, Lieferungs- und Zahlungsbedingungen \u00a71 \u00a0Angebote Alle Angebote verstehen sich freibleibend und unverbindlich. Erteilte Auftr\u00e4ge werden erst durch unsere schriftliche Auftragsbest\u00e4tigung [&hellip;]<\/p>\n","protected":false},"author":1,"featured_media":0,"parent":0,"menu_order":0,"comment_status":"closed","ping_status":"closed","template":"page-templates\/page_fullwidth.php","meta":{"footnotes":""},"class_list":["post-666","page","type-page","status-publish","hentry"],"_links":{"self":[{"href":"https:\/\/spezial99.de\/index.php?rest_route=\/wp\/v2\/pages\/666","targetHints":{"allow":["GET"]}}],"collection":[{"href":"https:\/\/spezial99.de\/index.php?rest_route=\/wp\/v2\/pages"}],"about":[{"href":"https:\/\/spezial99.de\/index.php?rest_route=\/wp\/v2\/types\/page"}],"author":[{"embeddable":true,"href":"https:\/\/spezial99.de\/index.php?rest_route=\/wp\/v2\/users\/1"}],"replies":[{"embeddable":true,"href":"https:\/\/spezial99.de\/index.php?rest_route=%2Fwp%2Fv2%2Fcomments&post=666"}],"version-history":[{"count":1,"href":"https:\/\/spezial99.de\/index.php?rest_route=\/wp\/v2\/pages\/666\/revisions"}],"predecessor-version":[{"id":667,"href":"https:\/\/spezial99.de\/index.php?rest_route=\/wp\/v2\/pages\/666\/revisions\/667"}],"wp:attachment":[{"href":"https:\/\/spezial99.de\/index.php?rest_route=%2Fwp%2Fv2%2Fmedia&parent=666"}],"curies":[{"name":"wp","href":"https:\/\/api.w.org\/{rel}","templated":true}]}}